
{"id":1231,"date":"2023-10-06T14:49:56","date_gmt":"2023-10-06T12:49:56","guid":{"rendered":"http:\/\/nieuw.healthinvest-beherman.com\/?page_id=1231"},"modified":"2023-10-18T14:32:31","modified_gmt":"2023-10-18T12:32:31","slug":"mission","status":"publish","type":"page","link":"https:\/\/healthinvest-beherman.com\/fr\/mission\/","title":{"rendered":"Mission"},"content":{"rendered":"<div class=\"wpb-content-wrapper\"><p>[vc_row row_height_percent=\u00a0\u00bb0&Prime; override_padding=\u00a0\u00bbyes\u00a0\u00bb h_padding=\u00a0\u00bb2&Prime; top_padding=\u00a0\u00bb5&Prime; bottom_padding=\u00a0\u00bb5&Prime; overlay_alpha=\u00a0\u00bb50&Prime; gutter_size=\u00a0\u00bb3&Prime; column_width_percent=\u00a0\u00bb100&Prime; shift_y=\u00a0\u00bb0&Prime; z_index=\u00a0\u00bb0&Prime; uncode_shortcode_id=\u00a0\u00bb101189&Prime;][vc_column width=\u00a0\u00bb1\/1&Prime;][vc_column_text text_lead=\u00a0\u00bbyes\u00a0\u00bb text_color=\u00a0\u00bbcolor-jevc\u00a0\u00bb uncode_shortcode_id=\u00a0\u00bb172216&Prime; text_color_type=\u00a0\u00bbuncode-palette\u00a0\u00bb]Aboutir soigneusement au produit fini par le biais d\u2019une concertation permanente. Pour Health Invest, m\u00eame si les produits peuvent varier en nature et en contenu, la philosophie qui sous-tend leur d\u00e9veloppement demeure toujours la m\u00eame.[\/vc_column_text][vc_column_text uncode_shortcode_id=\u00a0\u00bb684902&Prime;]<\/p>\n<div class=\"one_half\">\n<div class=\"one_half\">\n<p>Health Invest est une entreprise \u00e9tablie \u00e0 Anvers qui a pour activit\u00e9 le d\u00e9veloppement de complexes de logements et de centres de loisirs de qualit\u00e9 sup\u00e9rieure. L\u2019entreprise a \u00e9t\u00e9 fond\u00e9e en 2008 par Olivier Beherman et poursuit la mise en \u0153uvre de projets en Belgique et aux Pays-Bas.<\/p>\n<p>Health Invest a pour objectif de r\u00e9aliser des projets r\u00e9pondant \u00e0 des qualit\u00e9s architecturales et architectoniques sup\u00e9rieures et apportant en outre une importante plus-value \u00e0 l\u2019environnement dans lequel ils s\u2019ins\u00e8rent. De l\u2019id\u00e9e de base au produit fini, le parcours suit une vision globale qui se focalise avant tout sur les interactions entre donneurs d\u2019ordres, architectes, entrepreneurs, administrations publiques et partenaires financiers. Cette approche int\u00e9gr\u00e9e de Health Invest permet d\u2019optimiser le flux des projets et d\u2019aboutir \u00e0 un r\u00e9sultat final de qualit\u00e9 sup\u00e9rieure.<\/p>\n<\/div>\n<div class=\"one_half last\">\n<p>Le promoteur Health Invest collabore avec des partenaires renomm\u00e9s et fiables, qui apportent chacun leur propre expertise, que ce soit dans le domaine financier, commercial ou architectonique. En marge du march\u00e9 r\u00e9sidentiel traditionnel, Health Invest s\u2019adresse aussi de mani\u00e8re explicite au march\u00e9 de niche des projets de revitalisation urbaine ou de r\u00e9novation urbaine combinant plusieurs dimensions, comme l\u2019habitat, le commerce et les loisirs. Health Invest recherche donc en priorit\u00e9 des projets capables d\u2019apporter \u00e0 l\u2019environnement urbain de nouveaux \u00e9lans en mati\u00e8re de qualit\u00e9 de vie et qui permettent en outre (d\u2019envisager \u00e0 nouveau) de nouveaux d\u00e9veloppements culturels ou sociaux.<\/p>\n<\/div>\n<\/div>\n<p>[\/vc_column_text][\/vc_column][\/vc_row]<\/p>\n<\/div>","protected":false},"excerpt":{"rendered":"<p>[vc_row row_height_percent=\u00a0\u00bb0&Prime; override_padding=\u00a0\u00bbyes\u00a0\u00bb h_padding=\u00a0\u00bb2&Prime; top_padding=\u00a0\u00bb5&Prime; bottom_padding=\u00a0\u00bb5&Prime; overlay_alpha=\u00a0\u00bb50&Prime; gutter_size=\u00a0\u00bb3&Prime; column_width_percent=\u00a0\u00bb100&Prime; shift_y=\u00a0\u00bb0&Prime; z_index=\u00a0\u00bb0&Prime; uncode_shortcode_id=\u00a0\u00bb101189&Prime;][vc_column width=\u00a0\u00bb1\/1&Prime;][vc_column_text text_lead=\u00a0\u00bbyes\u00a0\u00bb text_color=\u00a0\u00bbcolor-jevc\u00a0\u00bb uncode_shortcode_id=\u00a0\u00bb172216&Prime; text_color_type=\u00a0\u00bbuncode-palette\u00a0\u00bb]Aboutir soigneusement au produit [&hellip;]<\/p>\n","protected":false},"author":1,"featured_media":2125,"parent":0,"menu_order":0,"comment_status":"closed","ping_status":"closed","template":"","meta":{"footnotes":""},"class_list":["post-1231","page","type-page","status-publish","has-post-thumbnail","hentry"],"_links":{"self":[{"href":"https:\/\/healthinvest-beherman.com\/fr\/wp-json\/wp\/v2\/pages\/1231","targetHints":{"allow":["GET"]}}],"collection":[{"href":"https:\/\/healthinvest-beherman.com\/fr\/wp-json\/wp\/v2\/pages"}],"about":[{"href":"https:\/\/healthinvest-beherman.com\/fr\/wp-json\/wp\/v2\/types\/page"}],"author":[{"embeddable":true,"href":"https:\/\/healthinvest-beherman.com\/fr\/wp-json\/wp\/v2\/users\/1"}],"replies":[{"embeddable":true,"href":"https:\/\/healthinvest-beherman.com\/fr\/wp-json\/wp\/v2\/comments?post=1231"}],"version-history":[{"count":3,"href":"https:\/\/healthinvest-beherman.com\/fr\/wp-json\/wp\/v2\/pages\/1231\/revisions"}],"predecessor-version":[{"id":2128,"href":"https:\/\/healthinvest-beherman.com\/fr\/wp-json\/wp\/v2\/pages\/1231\/revisions\/2128"}],"wp:featuredmedia":[{"embeddable":true,"href":"https:\/\/healthinvest-beherman.com\/fr\/wp-json\/wp\/v2\/media\/2125"}],"wp:attachment":[{"href":"https:\/\/healthinvest-beherman.com\/fr\/wp-json\/wp\/v2\/media?parent=1231"}],"curies":[{"name":"wp","href":"https:\/\/api.w.org\/{rel}","templated":true}]}}