
{"id":1465,"date":"2023-10-05T14:26:19","date_gmt":"2023-10-05T12:26:19","guid":{"rendered":"http:\/\/nieuw.healthinvest-beherman.com\/?page_id=1465"},"modified":"2023-10-18T16:42:35","modified_gmt":"2023-10-18T14:42:35","slug":"a-propos-dhealth-invest","status":"publish","type":"page","link":"https:\/\/healthinvest-beherman.com\/fr\/a-propos-dhealth-invest\/","title":{"rendered":"A propos d&rsquo;Health Invest"},"content":{"rendered":"<div class=\"wpb-content-wrapper\"><p>[vc_row row_height_percent=\u00a0\u00bb0&Prime; override_padding=\u00a0\u00bbyes\u00a0\u00bb h_padding=\u00a0\u00bb2&Prime; top_padding=\u00a0\u00bb5&Prime; bottom_padding=\u00a0\u00bb5&Prime; overlay_alpha=\u00a0\u00bb50&Prime; gutter_size=\u00a0\u00bb3&Prime; column_width_percent=\u00a0\u00bb100&Prime; shift_y=\u00a0\u00bb0&Prime; z_index=\u00a0\u00bb0&Prime; uncode_shortcode_id=\u00a0\u00bb573701&Prime;][vc_column column_width_percent=\u00a0\u00bb100&Prime; align_horizontal=\u00a0\u00bbalign_center\u00a0\u00bb gutter_size=\u00a0\u00bb3&Prime; overlay_alpha=\u00a0\u00bb50&Prime; shift_x=\u00a0\u00bb0&Prime; shift_y=\u00a0\u00bb0&Prime; shift_y_down=\u00a0\u00bb0&Prime; z_index=\u00a0\u00bb0&Prime; medium_width=\u00a0\u00bb0&Prime; mobile_width=\u00a0\u00bb0&Prime; width=\u00a0\u00bb1\/1&Prime; uncode_shortcode_id=\u00a0\u00bb941291&Prime;][vc_column_text text_lead=\u00a0\u00bbyes\u00a0\u00bb text_color=\u00a0\u00bbcolor-jevc\u00a0\u00bb uncode_shortcode_id=\u00a0\u00bb531920&Prime; text_color_type=\u00a0\u00bbuncode-palette\u00a0\u00bb]Fond\u00e9e en\u00a02008, Health Invest est une entreprise de promotion immobili\u00e8re situ\u00e9e \u00e0 Anvers, d\u2019o\u00f9 elle op\u00e8re non seulement dans toute la Belgique, mais aussi aux Pays-Bas et en Suisse. Health Invest se sp\u00e9cialise dans les projets de revitalisation et d\u2019expansion urbaine et s\u2019efforce en permanence de d\u00e9velopper des projets durables qui veillent \u00e0 mettre en \u0153uvre des solutions int\u00e9gr\u00e9es qui r\u00e9pondent \u00e9galement aux souhaits et exigences des donneurs d\u2019ordre, sans affecter la qualit\u00e9 ni le prix.<\/p>\n<div class=\"accordian\">\n<h3 class=\"toggle active\"><\/h3>\n<\/div>\n<p>[\/vc_column_text][\/vc_column][\/vc_row][vc_row row_height_percent=\u00a0\u00bb0&Prime; override_padding=\u00a0\u00bbyes\u00a0\u00bb h_padding=\u00a0\u00bb2&Prime; top_padding=\u00a0\u00bb3&Prime; bottom_padding=\u00a0\u00bb3&Prime; back_color=\u00a0\u00bbcolor-186278&Prime; overlay_alpha=\u00a0\u00bb50&Prime; gutter_size=\u00a0\u00bb4&Prime; column_width_percent=\u00a0\u00bb100&Prime; shift_y=\u00a0\u00bb0&Prime; z_index=\u00a0\u00bb0&Prime; uncode_shortcode_id=\u00a0\u00bb682167&Prime; back_color_type=\u00a0\u00bbuncode-palette\u00a0\u00bb][vc_column column_width_percent=\u00a0\u00bb100&Prime; align_horizontal=\u00a0\u00bbalign_center\u00a0\u00bb gutter_size=\u00a0\u00bb3&Prime; overlay_alpha=\u00a0\u00bb50&Prime; shift_x=\u00a0\u00bb0&Prime; shift_y=\u00a0\u00bb0&Prime; shift_y_down=\u00a0\u00bb0&Prime; z_index=\u00a0\u00bb0&Prime; medium_width=\u00a0\u00bb0&Prime; mobile_width=\u00a0\u00bb0&Prime; width=\u00a0\u00bb1\/3&Prime; uncode_shortcode_id=\u00a0\u00bb135185&Prime;][vc_icon icon=\u00a0\u00bbfa fa-star\u00a0\u00bb icon_color=\u00a0\u00bbcolor-xsdn\u00a0\u00bb size=\u00a0\u00bbfa-3x\u00a0\u00bb uncode_shortcode_id=\u00a0\u00bb662954&Prime; icon_color_type=\u00a0\u00bbuncode-palette\u00a0\u00bb][\/vc_icon][vc_custom_heading text_color=\u00a0\u00bbcolor-xsdn\u00a0\u00bb uncode_shortcode_id=\u00a0\u00bb110357&Prime; text_color_type=\u00a0\u00bbuncode-palette\u00a0\u00bb]Qualit\u00e9[\/vc_custom_heading][vc_column_text text_color=\u00a0\u00bbcolor-xsdn\u00a0\u00bb uncode_shortcode_id=\u00a0\u00bb205719&Prime; text_color_type=\u00a0\u00bbuncode-palette\u00a0\u00bb]La qualit\u00e9, la durabilit\u00e9 et la beaut\u00e9 sont les leitmotive qui guident Health Invest dans l\u2019\u00e9laboration et la construction de projets. La qualit\u00e9, parce que Health Invest estime que c\u2019est pr\u00e9cis\u00e9ment au travers des projets de revitalisation de vieux centres urbains qu\u2019il convient de rehausser la qualit\u00e9 de vie.[\/vc_column_text][\/vc_column][vc_column column_width_percent=\u00a0\u00bb100&Prime; align_horizontal=\u00a0\u00bbalign_center\u00a0\u00bb gutter_size=\u00a0\u00bb3&Prime; overlay_alpha=\u00a0\u00bb50&Prime; shift_x=\u00a0\u00bb0&Prime; shift_y=\u00a0\u00bb0&Prime; shift_y_down=\u00a0\u00bb0&Prime; z_index=\u00a0\u00bb0&Prime; medium_width=\u00a0\u00bb0&Prime; mobile_width=\u00a0\u00bb0&Prime; width=\u00a0\u00bb1\/3&Prime; uncode_shortcode_id=\u00a0\u00bb125907&Prime;][vc_icon icon=\u00a0\u00bbfa fa-envira\u00a0\u00bb icon_color=\u00a0\u00bbcolor-xsdn\u00a0\u00bb size=\u00a0\u00bbfa-3x\u00a0\u00bb uncode_shortcode_id=\u00a0\u00bb135606&Prime; icon_color_type=\u00a0\u00bbuncode-palette\u00a0\u00bb][\/vc_icon][vc_custom_heading text_color=\u00a0\u00bbcolor-xsdn\u00a0\u00bb uncode_shortcode_id=\u00a0\u00bb505017&Prime; text_color_type=\u00a0\u00bbuncode-palette\u00a0\u00bb]Durabilit\u00e9[\/vc_custom_heading][vc_column_text text_color=\u00a0\u00bbcolor-xsdn\u00a0\u00bb uncode_shortcode_id=\u00a0\u00bb214778&Prime; text_color_type=\u00a0\u00bbuncode-palette\u00a0\u00bb]La durabilit\u00e9, parce que le projet Health Invest doit pouvoir r\u00e9sister aux outrages du temps et offrir une plus-value \u00e0 long terme \u00e0 l\u2019homme comme \u00e0 l\u2019environnement.[\/vc_column_text][\/vc_column][vc_column column_width_percent=\u00a0\u00bb100&Prime; align_horizontal=\u00a0\u00bbalign_center\u00a0\u00bb gutter_size=\u00a0\u00bb3&Prime; overlay_alpha=\u00a0\u00bb50&Prime; shift_x=\u00a0\u00bb0&Prime; shift_y=\u00a0\u00bb0&Prime; shift_y_down=\u00a0\u00bb0&Prime; z_index=\u00a0\u00bb0&Prime; medium_width=\u00a0\u00bb0&Prime; mobile_width=\u00a0\u00bb0&Prime; width=\u00a0\u00bb1\/3&Prime; uncode_shortcode_id=\u00a0\u00bb165210&Prime;][vc_icon icon=\u00a0\u00bbfa fa-eye\u00a0\u00bb icon_color=\u00a0\u00bbcolor-xsdn\u00a0\u00bb size=\u00a0\u00bbfa-3x\u00a0\u00bb uncode_shortcode_id=\u00a0\u00bb550450&Prime; icon_color_type=\u00a0\u00bbuncode-palette\u00a0\u00bb][\/vc_icon][vc_custom_heading text_color=\u00a0\u00bbcolor-xsdn\u00a0\u00bb uncode_shortcode_id=\u00a0\u00bb734232&Prime; text_color_type=\u00a0\u00bbuncode-palette\u00a0\u00bb]Beaut\u00e9[\/vc_custom_heading][vc_column_text text_color=\u00a0\u00bbcolor-xsdn\u00a0\u00bb uncode_shortcode_id=\u00a0\u00bb934313&Prime; text_color_type=\u00a0\u00bbuncode-palette\u00a0\u00bb]La beaut\u00e9, parce que l\u2019apparence est partout et toujours et se veut avant tout intemporelle. Health Invest met tout en \u0153uvre pour qu\u2019elle se manifeste express\u00e9ment dans le domaine de la promotion immobili\u00e8re durable. Pour atteindre ces objectifs, Health Invest fait appel \u00e0 de nombreux partenaires fiables qui apportent chacun leur propre expertise.[\/vc_column_text][\/vc_column][\/vc_row][vc_row row_height_percent=\u00a0\u00bb0&Prime; override_padding=\u00a0\u00bbyes\u00a0\u00bb h_padding=\u00a0\u00bb2&Prime; top_padding=\u00a0\u00bb4&Prime; bottom_padding=\u00a0\u00bb2&Prime; overlay_alpha=\u00a0\u00bb50&Prime; gutter_size=\u00a0\u00bb3&Prime; column_width_percent=\u00a0\u00bb100&Prime; shift_y=\u00a0\u00bb0&Prime; z_index=\u00a0\u00bb0&Prime; uncode_shortcode_id=\u00a0\u00bb339425&Prime;][vc_column width=\u00a0\u00bb1\/1&Prime;][vc_custom_heading heading_semantic=\u00a0\u00bbh1&Prime; text_size=\u00a0\u00bbh1&Prime; uncode_shortcode_id=\u00a0\u00bb184774&Prime;]Olivier Beherman, fondateur de Health Invest[\/vc_custom_heading][\/vc_column][\/vc_row][vc_row row_height_percent=\u00a0\u00bb0&Prime; override_padding=\u00a0\u00bbyes\u00a0\u00bb h_padding=\u00a0\u00bb2&Prime; top_padding=\u00a0\u00bb2&Prime; bottom_padding=\u00a0\u00bb4&Prime; overlay_alpha=\u00a0\u00bb50&Prime; gutter_size=\u00a0\u00bb4&Prime; column_width_percent=\u00a0\u00bb100&Prime; shift_y=\u00a0\u00bb0&Prime; z_index=\u00a0\u00bb0&Prime; uncode_shortcode_id=\u00a0\u00bb150485&Prime;][vc_column width=\u00a0\u00bb2\/3&Prime;][vc_column_text uncode_shortcode_id=\u00a0\u00bb213158&Prime;]La soci\u00e9t\u00e9 Health Invest a \u00e9t\u00e9 fond\u00e9e par Olivier Beherman, qui assure \u00e9galement la direction. Beherman d\u00e9veloppe ses activit\u00e9s de promoteur immobilier depuis plus de dix ans maintenant. Il a notamment men\u00e9 \u00e0 bien deux projets r\u00e9cr\u00e9atifs dans les villes suisses de Gen\u00e8ve et Zurich, o\u00f9 il a fait construire des cin\u00e9mas et des centres de loisirs pour Warner Village Cinemas.<\/p>\n<p>En Belgique, Beherman a construit un centre de loisirs avec cin\u00e9mas \u00e0 Namur. A Saint-Nicolas il a r\u00e9alis\u00e9 un projet de revitalisation urbaine \u00e0 grande \u00e9chelle avec un centre commercial et de loisirs \u00e0 proximit\u00e9 de la gare.<\/p>\n<p>Aux Pays-Bas, il a entam\u00e9\u00a0\u2013 \u00e0 l\u2019initiative d\u2019Heineken\u00a0\u2013 la conception d\u2019une piste de ski, assortie d\u2019un centre commercial et de loisir dans la p\u00e9riph\u00e9rie sud de Terneuzen (Skid\u00f4me Terneuzen) pour la r\u00e9gion de Flandre z\u00e9landaise. Health Invest a d\u2019ores et d\u00e9j\u00e0 pr\u00e9par\u00e9 de nouveaux plans pour le d\u00e9veloppement ult\u00e9rieur de ce centre de loisirs.[\/vc_column_text][\/vc_column][vc_column width=\u00a0\u00bb1\/3&Prime;][vc_single_image media=\u00a0\u00bb863&Prime; media_width_percent=\u00a0\u00bb100&Prime; shape=\u00a0\u00bbimg-round\u00a0\u00bb shadow=\u00a0\u00bbyes\u00a0\u00bb shadow_weight=\u00a0\u00bbstd\u00a0\u00bb uncode_shortcode_id=\u00a0\u00bb898870&Prime;][\/vc_column][\/vc_row]<\/p>\n<\/div>","protected":false},"excerpt":{"rendered":"<p>[vc_row row_height_percent=\u00a0\u00bb0&Prime; override_padding=\u00a0\u00bbyes\u00a0\u00bb h_padding=\u00a0\u00bb2&Prime; top_padding=\u00a0\u00bb5&Prime; bottom_padding=\u00a0\u00bb5&Prime; overlay_alpha=\u00a0\u00bb50&Prime; gutter_size=\u00a0\u00bb3&Prime; column_width_percent=\u00a0\u00bb100&Prime; shift_y=\u00a0\u00bb0&Prime; z_index=\u00a0\u00bb0&Prime; uncode_shortcode_id=\u00a0\u00bb573701&Prime;][vc_column column_width_percent=\u00a0\u00bb100&Prime; align_horizontal=\u00a0\u00bbalign_center\u00a0\u00bb gutter_size=\u00a0\u00bb3&Prime; overlay_alpha=\u00a0\u00bb50&Prime; shift_x=\u00a0\u00bb0&Prime; shift_y=\u00a0\u00bb0&Prime; shift_y_down=\u00a0\u00bb0&Prime; z_index=\u00a0\u00bb0&Prime; [&hellip;]<\/p>\n","protected":false},"author":1,"featured_media":2119,"parent":0,"menu_order":0,"comment_status":"closed","ping_status":"closed","template":"","meta":{"footnotes":""},"class_list":["post-1465","page","type-page","status-publish","has-post-thumbnail","hentry"],"_links":{"self":[{"href":"https:\/\/healthinvest-beherman.com\/fr\/wp-json\/wp\/v2\/pages\/1465","targetHints":{"allow":["GET"]}}],"collection":[{"href":"https:\/\/healthinvest-beherman.com\/fr\/wp-json\/wp\/v2\/pages"}],"about":[{"href":"https:\/\/healthinvest-beherman.com\/fr\/wp-json\/wp\/v2\/types\/page"}],"author":[{"embeddable":true,"href":"https:\/\/healthinvest-beherman.com\/fr\/wp-json\/wp\/v2\/users\/1"}],"replies":[{"embeddable":true,"href":"https:\/\/healthinvest-beherman.com\/fr\/wp-json\/wp\/v2\/comments?post=1465"}],"version-history":[{"count":8,"href":"https:\/\/healthinvest-beherman.com\/fr\/wp-json\/wp\/v2\/pages\/1465\/revisions"}],"predecessor-version":[{"id":7396,"href":"https:\/\/healthinvest-beherman.com\/fr\/wp-json\/wp\/v2\/pages\/1465\/revisions\/7396"}],"wp:featuredmedia":[{"embeddable":true,"href":"https:\/\/healthinvest-beherman.com\/fr\/wp-json\/wp\/v2\/media\/2119"}],"wp:attachment":[{"href":"https:\/\/healthinvest-beherman.com\/fr\/wp-json\/wp\/v2\/media?parent=1465"}],"curies":[{"name":"wp","href":"https:\/\/api.w.org\/{rel}","templated":true}]}}